{"id":1620,"date":"2020-05-11T11:02:54","date_gmt":"2020-05-11T09:02:54","guid":{"rendered":"http:\/\/www.vina-prodan.hr\/shop\/?post_type=product&#038;p=1620"},"modified":"2023-01-27T17:33:15","modified_gmt":"2023-01-27T16:33:15","slug":"smokovaca-020-l-2","status":"publish","type":"product","link":"https:\/\/www.vina-prodan.hr\/shop\/product\/smokovaca-020-l-2\/","title":{"rendered":"Smokova\u010da 0,20 l"},"content":{"rendered":"","protected":false},"excerpt":{"rendered":"<div class=\"woocommerce-product-details__short-description\">\n<p><strong>SMOKOVA\u010cA- <\/strong>liker, alk. 21%vol\u00a0\u00a0 Sastojci:komovica, macerat plodova smokve, \u0161e\u0107er<br \/>\nOvaj liker ni po \u010demu ne daje naslutiti da je rije\u010d o rakiji. Sladak je, ali i zdrav. Dakako, u umjerenim koli\u010dinama. Liker je izuzetno bogata i neodoljiva okusa, a dobiven je maceracijom suhih plodova smokve u doma\u0107oj rakiji. Preporu\u010dujemo ga za sve prigode kada \u017eelite zasladiti svoja nepca.<\/p>\n<\/div>\n","protected":false},"featured_media":1679,"template":"","meta":[],"product_cat":[80],"product_tag":[],"_links":{"self":[{"href":"https:\/\/www.vina-prodan.hr\/shop\/wp-json\/wp\/v2\/product\/1620"}],"collection":[{"href":"https:\/\/www.vina-prodan.hr\/shop\/wp-json\/wp\/v2\/product"}],"about":[{"href":"https:\/\/www.vina-prodan.hr\/shop\/wp-json\/wp\/v2\/types\/product"}],"wp:featuredmedia":[{"embeddable":true,"href":"https:\/\/www.vina-prodan.hr\/shop\/wp-json\/wp\/v2\/media\/1679"}],"wp:attachment":[{"href":"https:\/\/www.vina-prodan.hr\/shop\/wp-json\/wp\/v2\/media?parent=1620"}],"wp:term":[{"taxonomy":"product_cat","embeddable":true,"href":"https:\/\/www.vina-prodan.hr\/shop\/wp-json\/wp\/v2\/product_cat?post=1620"},{"taxonomy":"product_tag","embeddable":true,"href":"https:\/\/www.vina-prodan.hr\/shop\/wp-json\/wp\/v2\/product_tag?post=1620"}],"curies":[{"name":"wp","href":"https:\/\/api.w.org\/{rel}","templated":true}]}}