{"id":1618,"date":"2020-05-11T11:01:46","date_gmt":"2020-05-11T09:01:46","guid":{"rendered":"http:\/\/www.vina-prodan.hr\/shop\/?post_type=product&#038;p=1618"},"modified":"2023-01-27T17:34:12","modified_gmt":"2023-01-27T16:34:12","slug":"medica-020-l-2","status":"publish","type":"product","link":"https:\/\/www.vina-prodan.hr\/shop\/product\/medica-020-l-2\/","title":{"rendered":"Medica 0,20 l"},"content":{"rendered":"","protected":false},"excerpt":{"rendered":"<p><strong>MEDICA- <\/strong>alk. 27,5% vol\u00a0\u00a0\u00a0 Sastojci: komovica, med 30%<br \/>\nMedica je poznati istarski proizvod koji, uz dodatak propolisa, postaje pravi ljekoviti napitak. Kad je rije\u010d o najboljim rakijama, medica ima vi\u0161e obilje\u017eja likera od bilo koje druge vrste rakije.<\/p>\n","protected":false},"featured_media":1619,"template":"","meta":[],"product_cat":[80],"product_tag":[],"_links":{"self":[{"href":"https:\/\/www.vina-prodan.hr\/shop\/wp-json\/wp\/v2\/product\/1618"}],"collection":[{"href":"https:\/\/www.vina-prodan.hr\/shop\/wp-json\/wp\/v2\/product"}],"about":[{"href":"https:\/\/www.vina-prodan.hr\/shop\/wp-json\/wp\/v2\/types\/product"}],"wp:featuredmedia":[{"embeddable":true,"href":"https:\/\/www.vina-prodan.hr\/shop\/wp-json\/wp\/v2\/media\/1619"}],"wp:attachment":[{"href":"https:\/\/www.vina-prodan.hr\/shop\/wp-json\/wp\/v2\/media?parent=1618"}],"wp:term":[{"taxonomy":"product_cat","embeddable":true,"href":"https:\/\/www.vina-prodan.hr\/shop\/wp-json\/wp\/v2\/product_cat?post=1618"},{"taxonomy":"product_tag","embeddable":true,"href":"https:\/\/www.vina-prodan.hr\/shop\/wp-json\/wp\/v2\/product_tag?post=1618"}],"curies":[{"name":"wp","href":"https:\/\/api.w.org\/{rel}","templated":true}]}}