{"id":1610,"date":"2020-05-11T10:55:51","date_gmt":"2020-05-11T08:55:51","guid":{"rendered":"http:\/\/www.vina-prodan.hr\/shop\/?post_type=product&#038;p=1610"},"modified":"2023-01-27T17:57:51","modified_gmt":"2023-01-27T16:57:51","slug":"borovnica-010-l","status":"publish","type":"product","link":"https:\/\/www.vina-prodan.hr\/shop\/product\/borovnica-010-l\/","title":{"rendered":"Borovnica 0,10 l"},"content":{"rendered":"","protected":false},"excerpt":{"rendered":"<p><strong>BOROVNICA- <\/strong>liker, alk. 21,5% vol\u00a0\u00a0\u00a0 Sastojci: komovica, sok borovnice, \u0161e\u0107er, arome<br \/>\nSlatko alkoholno pi\u0107e ugodnog okusa, modro-ljubi\u010daste boje, s dodatkom svje\u017eih plodova borovnice.<\/p>\n","protected":false},"featured_media":1611,"template":"","meta":[],"product_cat":[80],"product_tag":[],"_links":{"self":[{"href":"https:\/\/www.vina-prodan.hr\/shop\/wp-json\/wp\/v2\/product\/1610"}],"collection":[{"href":"https:\/\/www.vina-prodan.hr\/shop\/wp-json\/wp\/v2\/product"}],"about":[{"href":"https:\/\/www.vina-prodan.hr\/shop\/wp-json\/wp\/v2\/types\/product"}],"wp:featuredmedia":[{"embeddable":true,"href":"https:\/\/www.vina-prodan.hr\/shop\/wp-json\/wp\/v2\/media\/1611"}],"wp:attachment":[{"href":"https:\/\/www.vina-prodan.hr\/shop\/wp-json\/wp\/v2\/media?parent=1610"}],"wp:term":[{"taxonomy":"product_cat","embeddable":true,"href":"https:\/\/www.vina-prodan.hr\/shop\/wp-json\/wp\/v2\/product_cat?post=1610"},{"taxonomy":"product_tag","embeddable":true,"href":"https:\/\/www.vina-prodan.hr\/shop\/wp-json\/wp\/v2\/product_tag?post=1610"}],"curies":[{"name":"wp","href":"https:\/\/api.w.org\/{rel}","templated":true}]}}