{"id":1604,"date":"2020-05-11T10:48:28","date_gmt":"2020-05-11T08:48:28","guid":{"rendered":"http:\/\/www.vina-prodan.hr\/shop\/?post_type=product&#038;p=1604"},"modified":"2023-01-27T18:03:29","modified_gmt":"2023-01-27T17:03:29","slug":"rakija-komovica-010-l-2","status":"publish","type":"product","link":"https:\/\/www.vina-prodan.hr\/shop\/product\/rakija-komovica-010-l-2\/","title":{"rendered":"Rakija komovica 0,10 l"},"content":{"rendered":"","protected":false},"excerpt":{"rendered":"<p><strong>KOMOVICA- <\/strong>rakija dobivena od komine gro\u017e\u0111a malvazija, alk. 41%vol<br \/>\nUlazi u kategoriju prirodnog lijeka. Istarska je rakija ve\u0107 tradicionalan proizvod koji o\u010darava ljubitelje starog kova. Daje nam svima poznatu kvalitetu, a proizvedena je najmodernijom tehnologijom. Slu\u017ei i kao baza svih ostalih likera u na\u0161oj ponudi.<\/p>\n","protected":false},"featured_media":1680,"template":"","meta":[],"product_cat":[80],"product_tag":[],"_links":{"self":[{"href":"https:\/\/www.vina-prodan.hr\/shop\/wp-json\/wp\/v2\/product\/1604"}],"collection":[{"href":"https:\/\/www.vina-prodan.hr\/shop\/wp-json\/wp\/v2\/product"}],"about":[{"href":"https:\/\/www.vina-prodan.hr\/shop\/wp-json\/wp\/v2\/types\/product"}],"wp:featuredmedia":[{"embeddable":true,"href":"https:\/\/www.vina-prodan.hr\/shop\/wp-json\/wp\/v2\/media\/1680"}],"wp:attachment":[{"href":"https:\/\/www.vina-prodan.hr\/shop\/wp-json\/wp\/v2\/media?parent=1604"}],"wp:term":[{"taxonomy":"product_cat","embeddable":true,"href":"https:\/\/www.vina-prodan.hr\/shop\/wp-json\/wp\/v2\/product_cat?post=1604"},{"taxonomy":"product_tag","embeddable":true,"href":"https:\/\/www.vina-prodan.hr\/shop\/wp-json\/wp\/v2\/product_tag?post=1604"}],"curies":[{"name":"wp","href":"https:\/\/api.w.org\/{rel}","templated":true}]}}