{"id":1603,"date":"2020-05-11T10:43:32","date_gmt":"2020-05-11T08:43:32","guid":{"rendered":"http:\/\/www.vina-prodan.hr\/shop\/?post_type=product&#038;p=1603"},"modified":"2023-03-09T18:01:11","modified_gmt":"2023-03-09T17:01:11","slug":"teranino-10-l","status":"publish","type":"product","link":"https:\/\/www.vina-prodan.hr\/shop\/product\/teranino-10-l\/","title":{"rendered":"Teranino 1,0 l"},"content":{"rendered":"","protected":false},"excerpt":{"rendered":"<p><strong>TERANINO- <\/strong>liker, alk. 16.5 %vol\u00a0 Sastojci: vino teran, komovica ,medica, \u0161e\u0107er, za\u010dini<\/p>\n","protected":false},"featured_media":1659,"template":"","meta":[],"product_cat":[52],"product_tag":[],"_links":{"self":[{"href":"https:\/\/www.vina-prodan.hr\/shop\/wp-json\/wp\/v2\/product\/1603"}],"collection":[{"href":"https:\/\/www.vina-prodan.hr\/shop\/wp-json\/wp\/v2\/product"}],"about":[{"href":"https:\/\/www.vina-prodan.hr\/shop\/wp-json\/wp\/v2\/types\/product"}],"wp:featuredmedia":[{"embeddable":true,"href":"https:\/\/www.vina-prodan.hr\/shop\/wp-json\/wp\/v2\/media\/1659"}],"wp:attachment":[{"href":"https:\/\/www.vina-prodan.hr\/shop\/wp-json\/wp\/v2\/media?parent=1603"}],"wp:term":[{"taxonomy":"product_cat","embeddable":true,"href":"https:\/\/www.vina-prodan.hr\/shop\/wp-json\/wp\/v2\/product_cat?post=1603"},{"taxonomy":"product_tag","embeddable":true,"href":"https:\/\/www.vina-prodan.hr\/shop\/wp-json\/wp\/v2\/product_tag?post=1603"}],"curies":[{"name":"wp","href":"https:\/\/api.w.org\/{rel}","templated":true}]}}