{"id":1585,"date":"2020-05-11T10:31:24","date_gmt":"2020-05-11T08:31:24","guid":{"rendered":"http:\/\/www.vina-prodan.hr\/shop\/?post_type=product&#038;p=1585"},"modified":"2023-03-09T17:51:43","modified_gmt":"2023-03-09T16:51:43","slug":"borovnica-050-l","status":"publish","type":"product","link":"https:\/\/www.vina-prodan.hr\/shop\/product\/borovnica-050-l\/","title":{"rendered":"Borovnica 0,50 l"},"content":{"rendered":"","protected":false},"excerpt":{"rendered":"<p><strong>BOROVNICA- <\/strong>liker, alk. 21,5% vol\u00a0\u00a0\u00a0 Sastojci: komovica, sok borovnice, \u0161e\u0107er, arome<br \/>\nSlatko alkoholno pi\u0107e ugodnog okusa, modro-ljubi\u010daste boje, s dodatkom svje\u017eih plodova borovnice.<\/p>\n","protected":false},"featured_media":1586,"template":"","meta":[],"product_cat":[52],"product_tag":[],"_links":{"self":[{"href":"https:\/\/www.vina-prodan.hr\/shop\/wp-json\/wp\/v2\/product\/1585"}],"collection":[{"href":"https:\/\/www.vina-prodan.hr\/shop\/wp-json\/wp\/v2\/product"}],"about":[{"href":"https:\/\/www.vina-prodan.hr\/shop\/wp-json\/wp\/v2\/types\/product"}],"wp:featuredmedia":[{"embeddable":true,"href":"https:\/\/www.vina-prodan.hr\/shop\/wp-json\/wp\/v2\/media\/1586"}],"wp:attachment":[{"href":"https:\/\/www.vina-prodan.hr\/shop\/wp-json\/wp\/v2\/media?parent=1585"}],"wp:term":[{"taxonomy":"product_cat","embeddable":true,"href":"https:\/\/www.vina-prodan.hr\/shop\/wp-json\/wp\/v2\/product_cat?post=1585"},{"taxonomy":"product_tag","embeddable":true,"href":"https:\/\/www.vina-prodan.hr\/shop\/wp-json\/wp\/v2\/product_tag?post=1585"}],"curies":[{"name":"wp","href":"https:\/\/api.w.org\/{rel}","templated":true}]}}