{"id":1581,"date":"2020-05-11T10:29:00","date_gmt":"2020-05-11T08:29:00","guid":{"rendered":"http:\/\/www.vina-prodan.hr\/shop\/?post_type=product&#038;p=1581"},"modified":"2025-05-17T16:22:18","modified_gmt":"2025-05-17T14:22:18","slug":"smokovaca-050-l","status":"publish","type":"product","link":"https:\/\/www.vina-prodan.hr\/shop\/product\/smokovaca-050-l\/","title":{"rendered":"Smokova\u010da 0,50 l"},"content":{"rendered":"","protected":false},"excerpt":{"rendered":"<p><strong>SMOKOVA\u010cA- <\/strong>liker, alk. 21%vol\u00a0\u00a0 Sastojci:komovica, macerat plodova smokve, \u0161e\u0107er<br \/>\nOvaj liker ni po \u010demu ne daje naslutiti da je rije\u010d o rakiji. Sladak je, ali i zdrav. Dakako, u umjerenim koli\u010dinama. Liker je izuzetno bogata i neodoljiva okusa, a dobiven je maceracijom suhih plodova smokve u doma\u0107oj rakiji. Preporu\u010dujemo ga za sve prigode kada \u017eelite zasladiti svoja nepca.<\/p>\n","protected":false},"featured_media":1582,"template":"","meta":[],"product_cat":[52],"product_tag":[],"_links":{"self":[{"href":"https:\/\/www.vina-prodan.hr\/shop\/wp-json\/wp\/v2\/product\/1581"}],"collection":[{"href":"https:\/\/www.vina-prodan.hr\/shop\/wp-json\/wp\/v2\/product"}],"about":[{"href":"https:\/\/www.vina-prodan.hr\/shop\/wp-json\/wp\/v2\/types\/product"}],"wp:featuredmedia":[{"embeddable":true,"href":"https:\/\/www.vina-prodan.hr\/shop\/wp-json\/wp\/v2\/media\/1582"}],"wp:attachment":[{"href":"https:\/\/www.vina-prodan.hr\/shop\/wp-json\/wp\/v2\/media?parent=1581"}],"wp:term":[{"taxonomy":"product_cat","embeddable":true,"href":"https:\/\/www.vina-prodan.hr\/shop\/wp-json\/wp\/v2\/product_cat?post=1581"},{"taxonomy":"product_tag","embeddable":true,"href":"https:\/\/www.vina-prodan.hr\/shop\/wp-json\/wp\/v2\/product_tag?post=1581"}],"curies":[{"name":"wp","href":"https:\/\/api.w.org\/{rel}","templated":true}]}}