{"id":406,"date":"2016-06-06T14:37:10","date_gmt":"2016-06-06T12:37:10","guid":{"rendered":"http:\/\/goodwine.themerex.net\/?post_type=product&#038;p=406"},"modified":"2024-03-06T08:46:09","modified_gmt":"2024-03-06T07:46:09","slug":"malvazija-istarska","status":"publish","type":"product","link":"http:\/\/www.vina-prodan.hr\/shop\/product\/malvazija-istarska\/","title":{"rendered":"Malvazija Istarska 0,75 l"},"content":{"rendered":"","protected":false},"excerpt":{"rendered":"<p>Vino je proizvedeno od sorte gro\u017e\u0111a malvazija istarska. \u017dutozelenkaste je boje, posebno izra\u017eene i prepoznatljive sortne arome, prijatnog skladnog i zaokru\u017eenog okusa. Servirati na temperaturi od 10-12\u00b0C uz jela od bijelog mesa i morsku ribu.<\/p>\n","protected":false},"featured_media":1442,"template":"","meta":[],"product_cat":[50],"product_tag":[],"_links":{"self":[{"href":"http:\/\/www.vina-prodan.hr\/shop\/wp-json\/wp\/v2\/product\/406"}],"collection":[{"href":"http:\/\/www.vina-prodan.hr\/shop\/wp-json\/wp\/v2\/product"}],"about":[{"href":"http:\/\/www.vina-prodan.hr\/shop\/wp-json\/wp\/v2\/types\/product"}],"wp:featuredmedia":[{"embeddable":true,"href":"http:\/\/www.vina-prodan.hr\/shop\/wp-json\/wp\/v2\/media\/1442"}],"wp:attachment":[{"href":"http:\/\/www.vina-prodan.hr\/shop\/wp-json\/wp\/v2\/media?parent=406"}],"wp:term":[{"taxonomy":"product_cat","embeddable":true,"href":"http:\/\/www.vina-prodan.hr\/shop\/wp-json\/wp\/v2\/product_cat?post=406"},{"taxonomy":"product_tag","embeddable":true,"href":"http:\/\/www.vina-prodan.hr\/shop\/wp-json\/wp\/v2\/product_tag?post=406"}],"curies":[{"name":"wp","href":"https:\/\/api.w.org\/{rel}","templated":true}]}}