{"id":1684,"date":"2020-05-18T11:58:49","date_gmt":"2020-05-18T09:58:49","guid":{"rendered":"http:\/\/www.vina-prodan.hr\/shop\/?post_type=product&#038;p=1684"},"modified":"2024-03-28T13:46:10","modified_gmt":"2024-03-28T12:46:10","slug":"zlatkosa-malvazija-075-l","status":"publish","type":"product","link":"http:\/\/www.vina-prodan.hr\/shop\/product\/zlatkosa-malvazija-075-l\/","title":{"rendered":"Zlatokosa Malvazija 0,75 l"},"content":{"rendered":"","protected":false},"excerpt":{"rendered":"<p><strong>ZLATOKOSA- <\/strong>ALK. 12,0% vol,temp. serviranja 10-12\u00b0C Slamnato \u017eute boje,cvjetno vo\u0107ne arome,uravnote\u017eeno i harmoni\u010dno vino<br \/>\nPrijedlog serviranja: bijelo meso,riba<\/p>\n","protected":false},"featured_media":1685,"template":"","meta":[],"product_cat":[50],"product_tag":[],"_links":{"self":[{"href":"http:\/\/www.vina-prodan.hr\/shop\/wp-json\/wp\/v2\/product\/1684"}],"collection":[{"href":"http:\/\/www.vina-prodan.hr\/shop\/wp-json\/wp\/v2\/product"}],"about":[{"href":"http:\/\/www.vina-prodan.hr\/shop\/wp-json\/wp\/v2\/types\/product"}],"wp:featuredmedia":[{"embeddable":true,"href":"http:\/\/www.vina-prodan.hr\/shop\/wp-json\/wp\/v2\/media\/1685"}],"wp:attachment":[{"href":"http:\/\/www.vina-prodan.hr\/shop\/wp-json\/wp\/v2\/media?parent=1684"}],"wp:term":[{"taxonomy":"product_cat","embeddable":true,"href":"http:\/\/www.vina-prodan.hr\/shop\/wp-json\/wp\/v2\/product_cat?post=1684"},{"taxonomy":"product_tag","embeddable":true,"href":"http:\/\/www.vina-prodan.hr\/shop\/wp-json\/wp\/v2\/product_tag?post=1684"}],"curies":[{"name":"wp","href":"https:\/\/api.w.org\/{rel}","templated":true}]}}