{"id":1597,"date":"2020-05-11T10:40:29","date_gmt":"2020-05-11T08:40:29","guid":{"rendered":"http:\/\/www.vina-prodan.hr\/shop\/?post_type=product&#038;p=1597"},"modified":"2025-05-17T16:21:30","modified_gmt":"2025-05-17T14:21:30","slug":"smokovaca-10-l","status":"publish","type":"product","link":"http:\/\/www.vina-prodan.hr\/shop\/product\/smokovaca-10-l\/","title":{"rendered":"Smokova\u010da 1,0 l"},"content":{"rendered":"","protected":false},"excerpt":{"rendered":"<p><strong>SMOKOVA\u010cA- <\/strong>liker, alk. 21%vol\u00a0\u00a0 Sastojci:komovica, macerat plodova smokve, \u0161e\u0107er<br \/>\nOvaj liker ni po \u010demu ne daje naslutiti da je rije\u010d o rakiji. Sladak je, ali i zdrav. Dakako, u umjerenim koli\u010dinama. Liker je izuzetno bogata i neodoljiva okusa, a dobiven je maceracijom suhih plodova smokve u doma\u0107oj rakiji. Preporu\u010dujemo ga za sve prigode kada \u017eelite zasladiti svoja nepca.<\/p>\n","protected":false},"featured_media":1598,"template":"","meta":[],"product_cat":[52],"product_tag":[],"_links":{"self":[{"href":"http:\/\/www.vina-prodan.hr\/shop\/wp-json\/wp\/v2\/product\/1597"}],"collection":[{"href":"http:\/\/www.vina-prodan.hr\/shop\/wp-json\/wp\/v2\/product"}],"about":[{"href":"http:\/\/www.vina-prodan.hr\/shop\/wp-json\/wp\/v2\/types\/product"}],"wp:featuredmedia":[{"embeddable":true,"href":"http:\/\/www.vina-prodan.hr\/shop\/wp-json\/wp\/v2\/media\/1598"}],"wp:attachment":[{"href":"http:\/\/www.vina-prodan.hr\/shop\/wp-json\/wp\/v2\/media?parent=1597"}],"wp:term":[{"taxonomy":"product_cat","embeddable":true,"href":"http:\/\/www.vina-prodan.hr\/shop\/wp-json\/wp\/v2\/product_cat?post=1597"},{"taxonomy":"product_tag","embeddable":true,"href":"http:\/\/www.vina-prodan.hr\/shop\/wp-json\/wp\/v2\/product_tag?post=1597"}],"curies":[{"name":"wp","href":"https:\/\/api.w.org\/{rel}","templated":true}]}}