{"id":1588,"date":"2020-05-11T10:33:57","date_gmt":"2020-05-11T08:33:57","guid":{"rendered":"http:\/\/www.vina-prodan.hr\/shop\/?post_type=product&#038;p=1588"},"modified":"2023-03-09T18:05:47","modified_gmt":"2023-03-09T17:05:47","slug":"rakija-komovica-10-l","status":"publish","type":"product","link":"http:\/\/www.vina-prodan.hr\/shop\/product\/rakija-komovica-10-l\/","title":{"rendered":"Rakija komovica 1,0 l"},"content":{"rendered":"","protected":false},"excerpt":{"rendered":"<p><strong>KOMOVICA- <\/strong>rakija dobivena od komine gro\u017e\u0111a malvazija, alk. 41%vol<br \/>\nUlazi u kategoriju prirodnog lijeka. Istarska je rakija ve\u0107 tradicionalan proizvod koji o\u010darava ljubitelje starog kova. Daje nam svima poznatu kvalitetu, a proizvedena je najmodernijom tehnologijom. Slu\u017ei i kao baza svih ostalih likera u na\u0161oj ponudi.<\/p>\n","protected":false},"featured_media":1589,"template":"","meta":[],"product_cat":[52],"product_tag":[],"_links":{"self":[{"href":"http:\/\/www.vina-prodan.hr\/shop\/wp-json\/wp\/v2\/product\/1588"}],"collection":[{"href":"http:\/\/www.vina-prodan.hr\/shop\/wp-json\/wp\/v2\/product"}],"about":[{"href":"http:\/\/www.vina-prodan.hr\/shop\/wp-json\/wp\/v2\/types\/product"}],"wp:featuredmedia":[{"embeddable":true,"href":"http:\/\/www.vina-prodan.hr\/shop\/wp-json\/wp\/v2\/media\/1589"}],"wp:attachment":[{"href":"http:\/\/www.vina-prodan.hr\/shop\/wp-json\/wp\/v2\/media?parent=1588"}],"wp:term":[{"taxonomy":"product_cat","embeddable":true,"href":"http:\/\/www.vina-prodan.hr\/shop\/wp-json\/wp\/v2\/product_cat?post=1588"},{"taxonomy":"product_tag","embeddable":true,"href":"http:\/\/www.vina-prodan.hr\/shop\/wp-json\/wp\/v2\/product_tag?post=1588"}],"curies":[{"name":"wp","href":"https:\/\/api.w.org\/{rel}","templated":true}]}}