{"id":1583,"date":"2020-05-11T10:30:12","date_gmt":"2020-05-11T08:30:12","guid":{"rendered":"http:\/\/www.vina-prodan.hr\/shop\/?post_type=product&#038;p=1583"},"modified":"2023-03-09T17:51:54","modified_gmt":"2023-03-09T16:51:54","slug":"kruskovac-050-l","status":"publish","type":"product","link":"http:\/\/www.vina-prodan.hr\/shop\/product\/kruskovac-050-l\/","title":{"rendered":"Kru\u0161kovac 0,50 l"},"content":{"rendered":"","protected":false},"excerpt":{"rendered":"<p><strong>KRU\u0160KOVAC- <\/strong>liker, alk. 22%vol\u00a0\u00a0 Sastojci: komovica, \u0161e\u0107er, arome<br \/>\nTradicionalni aromatizirani liker koji se naj\u010de\u0161\u0107e konzumira kao aperitiv na brojnim prigodama. Sklad okusa i mirisa kru\u0161kovca zaokru\u017een je ugodnom \u017earko\u017eutom bojom.<\/p>\n","protected":false},"featured_media":1584,"template":"","meta":[],"product_cat":[52],"product_tag":[],"_links":{"self":[{"href":"http:\/\/www.vina-prodan.hr\/shop\/wp-json\/wp\/v2\/product\/1583"}],"collection":[{"href":"http:\/\/www.vina-prodan.hr\/shop\/wp-json\/wp\/v2\/product"}],"about":[{"href":"http:\/\/www.vina-prodan.hr\/shop\/wp-json\/wp\/v2\/types\/product"}],"wp:featuredmedia":[{"embeddable":true,"href":"http:\/\/www.vina-prodan.hr\/shop\/wp-json\/wp\/v2\/media\/1584"}],"wp:attachment":[{"href":"http:\/\/www.vina-prodan.hr\/shop\/wp-json\/wp\/v2\/media?parent=1583"}],"wp:term":[{"taxonomy":"product_cat","embeddable":true,"href":"http:\/\/www.vina-prodan.hr\/shop\/wp-json\/wp\/v2\/product_cat?post=1583"},{"taxonomy":"product_tag","embeddable":true,"href":"http:\/\/www.vina-prodan.hr\/shop\/wp-json\/wp\/v2\/product_tag?post=1583"}],"curies":[{"name":"wp","href":"https:\/\/api.w.org\/{rel}","templated":true}]}}