{"id":1569,"date":"2020-05-11T10:12:30","date_gmt":"2020-05-11T08:12:30","guid":{"rendered":"http:\/\/www.vina-prodan.hr\/shop\/?post_type=product&#038;p=1569"},"modified":"2023-03-09T17:57:44","modified_gmt":"2023-03-09T16:57:44","slug":"rakija-komovica-050-l","status":"publish","type":"product","link":"http:\/\/www.vina-prodan.hr\/shop\/product\/rakija-komovica-050-l\/","title":{"rendered":"Rakija komovica 0,50 l"},"content":{"rendered":"","protected":false},"excerpt":{"rendered":"<p><strong>KOMOVICA- <\/strong>rakija dobivena od komine gro\u017e\u0111a malvazija, alk. 41%vol<br \/>\nUlazi u kategoriju prirodnog lijeka. Istarska je rakija ve\u0107 tradicionalan proizvod koji o\u010darava ljubitelje starog kova. Daje nam svima poznatu kvalitetu, a proizvedena je najmodernijom tehnologijom. Slu\u017ei i kao baza svih ostalih likera u na\u0161oj ponudi.<\/p>\n","protected":false},"featured_media":1570,"template":"","meta":[],"product_cat":[52],"product_tag":[],"_links":{"self":[{"href":"http:\/\/www.vina-prodan.hr\/shop\/wp-json\/wp\/v2\/product\/1569"}],"collection":[{"href":"http:\/\/www.vina-prodan.hr\/shop\/wp-json\/wp\/v2\/product"}],"about":[{"href":"http:\/\/www.vina-prodan.hr\/shop\/wp-json\/wp\/v2\/types\/product"}],"wp:featuredmedia":[{"embeddable":true,"href":"http:\/\/www.vina-prodan.hr\/shop\/wp-json\/wp\/v2\/media\/1570"}],"wp:attachment":[{"href":"http:\/\/www.vina-prodan.hr\/shop\/wp-json\/wp\/v2\/media?parent=1569"}],"wp:term":[{"taxonomy":"product_cat","embeddable":true,"href":"http:\/\/www.vina-prodan.hr\/shop\/wp-json\/wp\/v2\/product_cat?post=1569"},{"taxonomy":"product_tag","embeddable":true,"href":"http:\/\/www.vina-prodan.hr\/shop\/wp-json\/wp\/v2\/product_tag?post=1569"}],"curies":[{"name":"wp","href":"https:\/\/api.w.org\/{rel}","templated":true}]}}