{"id":1562,"date":"2020-05-11T10:06:35","date_gmt":"2020-05-11T08:06:35","guid":{"rendered":"http:\/\/www.vina-prodan.hr\/shop\/?post_type=product&#038;p=1562"},"modified":"2025-08-14T15:19:47","modified_gmt":"2025-08-14T13:19:47","slug":"smokovaca-020-l","status":"publish","type":"product","link":"http:\/\/www.vina-prodan.hr\/shop\/product\/smokovaca-020-l\/","title":{"rendered":"Smokova\u010da 0,20 l"},"content":{"rendered":"","protected":false},"excerpt":{"rendered":"<p><strong>SMOKOVA\u010cA- <\/strong>liker, alk. 21%vol\u00a0\u00a0 Sastojci:komovica, macerat plodova smokve, \u0161e\u0107er<br \/>\nOvaj liker ni po \u010demu ne daje naslutiti da je rije\u010d o rakiji. Sladak je, ali i zdrav. Dakako, u umjerenim koli\u010dinama. Liker je izuzetno bogata i neodoljiva okusa, a dobiven je maceracijom suhih plodova smokve u doma\u0107oj rakiji. Preporu\u010dujemo ga za sve prigode kada \u017eelite zasladiti svoja nepca.<\/p>\n","protected":false},"featured_media":1563,"template":"","meta":[],"product_cat":[52],"product_tag":[],"_links":{"self":[{"href":"http:\/\/www.vina-prodan.hr\/shop\/wp-json\/wp\/v2\/product\/1562"}],"collection":[{"href":"http:\/\/www.vina-prodan.hr\/shop\/wp-json\/wp\/v2\/product"}],"about":[{"href":"http:\/\/www.vina-prodan.hr\/shop\/wp-json\/wp\/v2\/types\/product"}],"wp:featuredmedia":[{"embeddable":true,"href":"http:\/\/www.vina-prodan.hr\/shop\/wp-json\/wp\/v2\/media\/1563"}],"wp:attachment":[{"href":"http:\/\/www.vina-prodan.hr\/shop\/wp-json\/wp\/v2\/media?parent=1562"}],"wp:term":[{"taxonomy":"product_cat","embeddable":true,"href":"http:\/\/www.vina-prodan.hr\/shop\/wp-json\/wp\/v2\/product_cat?post=1562"},{"taxonomy":"product_tag","embeddable":true,"href":"http:\/\/www.vina-prodan.hr\/shop\/wp-json\/wp\/v2\/product_tag?post=1562"}],"curies":[{"name":"wp","href":"https:\/\/api.w.org\/{rel}","templated":true}]}}