{"id":1556,"date":"2020-05-11T10:01:17","date_gmt":"2020-05-11T08:01:17","guid":{"rendered":"http:\/\/www.vina-prodan.hr\/shop\/?post_type=product&#038;p=1556"},"modified":"2025-08-14T15:20:20","modified_gmt":"2025-08-14T13:20:20","slug":"biska-020-l","status":"publish","type":"product","link":"http:\/\/www.vina-prodan.hr\/shop\/product\/biska-020-l\/","title":{"rendered":"Biska 0,20 l"},"content":{"rendered":"","protected":false},"excerpt":{"rendered":"<p><strong>BISKA-<\/strong> doma\u0107i aperitiv, alk. 34,5% vol Sastojci:komovica, macerat biske (imela),med<br \/>\nBiska je vrsta biljke, nekima poznatija pod imenom imela. Njezini su plodovi otrovni, dok stabljika i listovi imaju izrazito ljekovita svojstva. Biska se radi po cijeloj Istri, te je stoga to najbolje podneblje ako \u017eelite ku\u0161ati doma\u0107u rakiju od imele.<\/p>\n","protected":false},"featured_media":1557,"template":"","meta":[],"product_cat":[52],"product_tag":[],"_links":{"self":[{"href":"http:\/\/www.vina-prodan.hr\/shop\/wp-json\/wp\/v2\/product\/1556"}],"collection":[{"href":"http:\/\/www.vina-prodan.hr\/shop\/wp-json\/wp\/v2\/product"}],"about":[{"href":"http:\/\/www.vina-prodan.hr\/shop\/wp-json\/wp\/v2\/types\/product"}],"wp:featuredmedia":[{"embeddable":true,"href":"http:\/\/www.vina-prodan.hr\/shop\/wp-json\/wp\/v2\/media\/1557"}],"wp:attachment":[{"href":"http:\/\/www.vina-prodan.hr\/shop\/wp-json\/wp\/v2\/media?parent=1556"}],"wp:term":[{"taxonomy":"product_cat","embeddable":true,"href":"http:\/\/www.vina-prodan.hr\/shop\/wp-json\/wp\/v2\/product_cat?post=1556"},{"taxonomy":"product_tag","embeddable":true,"href":"http:\/\/www.vina-prodan.hr\/shop\/wp-json\/wp\/v2\/product_tag?post=1556"}],"curies":[{"name":"wp","href":"https:\/\/api.w.org\/{rel}","templated":true}]}}