{"id":1554,"date":"2020-05-11T10:00:06","date_gmt":"2020-05-11T08:00:06","guid":{"rendered":"http:\/\/www.vina-prodan.hr\/shop\/?post_type=product&#038;p=1554"},"modified":"2025-08-14T15:20:29","modified_gmt":"2025-08-14T13:20:29","slug":"travarica-020-l","status":"publish","type":"product","link":"http:\/\/www.vina-prodan.hr\/shop\/product\/travarica-020-l\/","title":{"rendered":"Travarica 0,20 l"},"content":{"rendered":"","protected":false},"excerpt":{"rendered":"<div class=\"woocommerce-product-details__short-description\">\n<p><strong>TRAVARICA-<\/strong> doma\u0107i aperitiv, 35,5 % vol\u00a0 Sastojci:komovica,macerat aromatskog bilja (plod borovice, primorski vrisak, ki\u0107ica, komora\u010d ,ru\u017emarin, trava iva, sr\u010danik, ruta)<br \/>\nPostoji nebrojeno mnogo vrsta travarica, otprilike koliko i raznih ljekovitih biljaka. Kad se ka\u017ee da rakija djeluje poput lijeka, prije svega se misli na travaricu, koja se, me\u0111u ostalim, isti\u010de svojim specifi\u010dnim mirisom.<\/p>\n<\/div>\n","protected":false},"featured_media":1555,"template":"","meta":[],"product_cat":[52],"product_tag":[],"_links":{"self":[{"href":"http:\/\/www.vina-prodan.hr\/shop\/wp-json\/wp\/v2\/product\/1554"}],"collection":[{"href":"http:\/\/www.vina-prodan.hr\/shop\/wp-json\/wp\/v2\/product"}],"about":[{"href":"http:\/\/www.vina-prodan.hr\/shop\/wp-json\/wp\/v2\/types\/product"}],"wp:featuredmedia":[{"embeddable":true,"href":"http:\/\/www.vina-prodan.hr\/shop\/wp-json\/wp\/v2\/media\/1555"}],"wp:attachment":[{"href":"http:\/\/www.vina-prodan.hr\/shop\/wp-json\/wp\/v2\/media?parent=1554"}],"wp:term":[{"taxonomy":"product_cat","embeddable":true,"href":"http:\/\/www.vina-prodan.hr\/shop\/wp-json\/wp\/v2\/product_cat?post=1554"},{"taxonomy":"product_tag","embeddable":true,"href":"http:\/\/www.vina-prodan.hr\/shop\/wp-json\/wp\/v2\/product_tag?post=1554"}],"curies":[{"name":"wp","href":"https:\/\/api.w.org\/{rel}","templated":true}]}}