{"id":1551,"date":"2020-05-11T09:57:28","date_gmt":"2020-05-11T07:57:28","guid":{"rendered":"http:\/\/www.vina-prodan.hr\/shop\/?post_type=product&#038;p=1551"},"modified":"2024-08-28T09:15:15","modified_gmt":"2024-08-28T07:15:15","slug":"medenica-010-l","status":"publish","type":"product","link":"http:\/\/www.vina-prodan.hr\/shop\/product\/medenica-010-l\/","title":{"rendered":"Medica 0,10 l"},"content":{"rendered":"","protected":false},"excerpt":{"rendered":"<p><strong>MEDICA- <\/strong>alk. 27,5% vol\u00a0\u00a0\u00a0 Sastojci: komovica, med 30%<br \/>\nMedica je poznati istarski proizvod koji, uz dodatak propolisa, postaje pravi ljekoviti napitak. Kad je rije\u010d o najboljim rakijama, medica ima vi\u0161e obilje\u017eja likera od bilo koje druge vrste rakije.<\/p>\n","protected":false},"featured_media":1552,"template":"","meta":[],"product_cat":[52],"product_tag":[],"_links":{"self":[{"href":"http:\/\/www.vina-prodan.hr\/shop\/wp-json\/wp\/v2\/product\/1551"}],"collection":[{"href":"http:\/\/www.vina-prodan.hr\/shop\/wp-json\/wp\/v2\/product"}],"about":[{"href":"http:\/\/www.vina-prodan.hr\/shop\/wp-json\/wp\/v2\/types\/product"}],"wp:featuredmedia":[{"embeddable":true,"href":"http:\/\/www.vina-prodan.hr\/shop\/wp-json\/wp\/v2\/media\/1552"}],"wp:attachment":[{"href":"http:\/\/www.vina-prodan.hr\/shop\/wp-json\/wp\/v2\/media?parent=1551"}],"wp:term":[{"taxonomy":"product_cat","embeddable":true,"href":"http:\/\/www.vina-prodan.hr\/shop\/wp-json\/wp\/v2\/product_cat?post=1551"},{"taxonomy":"product_tag","embeddable":true,"href":"http:\/\/www.vina-prodan.hr\/shop\/wp-json\/wp\/v2\/product_tag?post=1551"}],"curies":[{"name":"wp","href":"https:\/\/api.w.org\/{rel}","templated":true}]}}