{"id":1517,"date":"2020-05-08T08:57:25","date_gmt":"2020-05-08T06:57:25","guid":{"rendered":"http:\/\/www.vina-prodan.hr\/shop\/?post_type=product&#038;p=1517"},"modified":"2024-03-28T13:49:24","modified_gmt":"2024-03-28T12:49:24","slug":"chardonnay-bag-box-10-1-l-2","status":"publish","type":"product","link":"http:\/\/www.vina-prodan.hr\/shop\/product\/chardonnay-bag-box-10-1-l-2\/","title":{"rendered":"Chardonnay bag-box 10\/1 l"},"content":{"rendered":"","protected":false},"excerpt":{"rendered":"<p>Vino pakirano u bag in box ambala\u017ei predstavlja moderan trend i novu tehnologiju. Bag in box pakiranje omogu\u0107ava dulje zadr\u017eavanje kvalitete vina i organolepti\u010dkih svojstava jer i nakon otvaranja vino ne dolazi u dodir sa zrakom koji uzrokuje oksidaciju i kvarenje. Podesive vre\u0107ice (bag) imaju kao vanjsku ambala\u017eu odgovaraju\u0107u kartonsku kutiju (box) kojom se lako rukuje te sigurnosni zatvara\u010d (slavinu) koji hermeti\u010dki zatvara vre\u0107icu i nepropustan je za vlagu i plin.<\/p>\n","protected":false},"featured_media":1672,"template":"","meta":[],"product_cat":[50],"product_tag":[],"_links":{"self":[{"href":"http:\/\/www.vina-prodan.hr\/shop\/wp-json\/wp\/v2\/product\/1517"}],"collection":[{"href":"http:\/\/www.vina-prodan.hr\/shop\/wp-json\/wp\/v2\/product"}],"about":[{"href":"http:\/\/www.vina-prodan.hr\/shop\/wp-json\/wp\/v2\/types\/product"}],"wp:featuredmedia":[{"embeddable":true,"href":"http:\/\/www.vina-prodan.hr\/shop\/wp-json\/wp\/v2\/media\/1672"}],"wp:attachment":[{"href":"http:\/\/www.vina-prodan.hr\/shop\/wp-json\/wp\/v2\/media?parent=1517"}],"wp:term":[{"taxonomy":"product_cat","embeddable":true,"href":"http:\/\/www.vina-prodan.hr\/shop\/wp-json\/wp\/v2\/product_cat?post=1517"},{"taxonomy":"product_tag","embeddable":true,"href":"http:\/\/www.vina-prodan.hr\/shop\/wp-json\/wp\/v2\/product_tag?post=1517"}],"curies":[{"name":"wp","href":"https:\/\/api.w.org\/{rel}","templated":true}]}}