{"id":1512,"date":"2020-05-08T08:51:40","date_gmt":"2020-05-08T06:51:40","guid":{"rendered":"http:\/\/www.vina-prodan.hr\/shop\/?post_type=product&#038;p=1512"},"modified":"2024-08-28T09:16:09","modified_gmt":"2024-08-28T07:16:09","slug":"muskat-zuti-0187-l","status":"publish","type":"product","link":"http:\/\/www.vina-prodan.hr\/shop\/product\/muskat-zuti-0187-l\/","title":{"rendered":"Mu\u0161kat \u017euti 0,187 l"},"content":{"rendered":"","protected":false},"excerpt":{"rendered":"<p>Dugogodi\u0161nja tradicija vinarstva i odabrano gro\u017e\u0111e darovali su nam poluslatko vino Mu\u0161kat \u017euti. Vino je zlatno\u017eute boje, prepoznatljive sortne arome, skladnog i harmoni\u010dnog okusa ugodnog nepcu. Serviramo ga na temperaturi od 12\u00b0C.<\/p>\n","protected":false},"featured_media":1668,"template":"","meta":[],"product_cat":[50],"product_tag":[],"_links":{"self":[{"href":"http:\/\/www.vina-prodan.hr\/shop\/wp-json\/wp\/v2\/product\/1512"}],"collection":[{"href":"http:\/\/www.vina-prodan.hr\/shop\/wp-json\/wp\/v2\/product"}],"about":[{"href":"http:\/\/www.vina-prodan.hr\/shop\/wp-json\/wp\/v2\/types\/product"}],"wp:featuredmedia":[{"embeddable":true,"href":"http:\/\/www.vina-prodan.hr\/shop\/wp-json\/wp\/v2\/media\/1668"}],"wp:attachment":[{"href":"http:\/\/www.vina-prodan.hr\/shop\/wp-json\/wp\/v2\/media?parent=1512"}],"wp:term":[{"taxonomy":"product_cat","embeddable":true,"href":"http:\/\/www.vina-prodan.hr\/shop\/wp-json\/wp\/v2\/product_cat?post=1512"},{"taxonomy":"product_tag","embeddable":true,"href":"http:\/\/www.vina-prodan.hr\/shop\/wp-json\/wp\/v2\/product_tag?post=1512"}],"curies":[{"name":"wp","href":"https:\/\/api.w.org\/{rel}","templated":true}]}}