{"id":1505,"date":"2020-05-08T08:46:44","date_gmt":"2020-05-08T06:46:44","guid":{"rendered":"http:\/\/www.vina-prodan.hr\/shop\/?post_type=product&#038;p=1505"},"modified":"2024-03-28T14:05:39","modified_gmt":"2024-03-28T13:05:39","slug":"prodanovo-crno-10-l","status":"publish","type":"product","link":"http:\/\/www.vina-prodan.hr\/shop\/product\/prodanovo-crno-10-l\/","title":{"rendered":"Prodanovo crno 1,0 l"},"content":{"rendered":"","protected":false},"excerpt":{"rendered":"<p>Dugogodi\u0161nja tradicija vinarstva i odabrano gro\u017e\u0111e darovali su nam vino Teran. Vino je crvenorubinastog odsjaja prepoznatljive sortne arome, finog, skladnog i harmoni\u010dnog okusa. Odle\u017eano u drvenim ba\u010dvama. Serviramo ga na temperaturi od 16-18\u00b0C.<\/p>\n","protected":false},"featured_media":1506,"template":"","meta":[],"product_cat":[50],"product_tag":[],"_links":{"self":[{"href":"http:\/\/www.vina-prodan.hr\/shop\/wp-json\/wp\/v2\/product\/1505"}],"collection":[{"href":"http:\/\/www.vina-prodan.hr\/shop\/wp-json\/wp\/v2\/product"}],"about":[{"href":"http:\/\/www.vina-prodan.hr\/shop\/wp-json\/wp\/v2\/types\/product"}],"wp:featuredmedia":[{"embeddable":true,"href":"http:\/\/www.vina-prodan.hr\/shop\/wp-json\/wp\/v2\/media\/1506"}],"wp:attachment":[{"href":"http:\/\/www.vina-prodan.hr\/shop\/wp-json\/wp\/v2\/media?parent=1505"}],"wp:term":[{"taxonomy":"product_cat","embeddable":true,"href":"http:\/\/www.vina-prodan.hr\/shop\/wp-json\/wp\/v2\/product_cat?post=1505"},{"taxonomy":"product_tag","embeddable":true,"href":"http:\/\/www.vina-prodan.hr\/shop\/wp-json\/wp\/v2\/product_tag?post=1505"}],"curies":[{"name":"wp","href":"https:\/\/api.w.org\/{rel}","templated":true}]}}