{"id":1499,"date":"2020-05-08T08:42:37","date_gmt":"2020-05-08T06:42:37","guid":{"rendered":"http:\/\/www.vina-prodan.hr\/shop\/?post_type=product&#038;p=1499"},"modified":"2025-08-14T15:18:02","modified_gmt":"2025-08-14T13:18:02","slug":"teran-10-l-zoi","status":"publish","type":"product","link":"http:\/\/www.vina-prodan.hr\/shop\/product\/teran-10-l-zoi\/","title":{"rendered":"Teran 1,0 l ZOI"},"content":{"rendered":"","protected":false},"excerpt":{"rendered":"<p>Dugogodi\u0161nja tradicija vinarstva i odabrano gro\u017e\u0111e darovali su nam vino Teran. Vino je crvenorubinastog odsjaja prepoznatljive sortne arome, finog, skladnog i harmoni\u010dnog okusa. Odle\u017eano u drvenim ba\u010dvama. Serviramo ga na temperaturi od 16-18\u00b0C.<\/p>\n","protected":false},"featured_media":1670,"template":"","meta":[],"product_cat":[50],"product_tag":[],"_links":{"self":[{"href":"http:\/\/www.vina-prodan.hr\/shop\/wp-json\/wp\/v2\/product\/1499"}],"collection":[{"href":"http:\/\/www.vina-prodan.hr\/shop\/wp-json\/wp\/v2\/product"}],"about":[{"href":"http:\/\/www.vina-prodan.hr\/shop\/wp-json\/wp\/v2\/types\/product"}],"wp:featuredmedia":[{"embeddable":true,"href":"http:\/\/www.vina-prodan.hr\/shop\/wp-json\/wp\/v2\/media\/1670"}],"wp:attachment":[{"href":"http:\/\/www.vina-prodan.hr\/shop\/wp-json\/wp\/v2\/media?parent=1499"}],"wp:term":[{"taxonomy":"product_cat","embeddable":true,"href":"http:\/\/www.vina-prodan.hr\/shop\/wp-json\/wp\/v2\/product_cat?post=1499"},{"taxonomy":"product_tag","embeddable":true,"href":"http:\/\/www.vina-prodan.hr\/shop\/wp-json\/wp\/v2\/product_tag?post=1499"}],"curies":[{"name":"wp","href":"https:\/\/api.w.org\/{rel}","templated":true}]}}