{"id":1496,"date":"2020-05-08T08:41:23","date_gmt":"2020-05-08T06:41:23","guid":{"rendered":"http:\/\/www.vina-prodan.hr\/shop\/?post_type=product&#038;p=1496"},"modified":"2024-03-28T13:58:16","modified_gmt":"2024-03-28T12:58:16","slug":"chardonnay-10-l-zoi","status":"publish","type":"product","link":"http:\/\/www.vina-prodan.hr\/shop\/product\/chardonnay-10-l-zoi\/","title":{"rendered":"Chardonnay 1,0 l ZOI"},"content":{"rendered":"","protected":false},"excerpt":{"rendered":"<p>Vinogorja Vi\u0161njan\u0161tine i tradicija vinarstva podarili su nam vino Chardonnay. Vino je proizvedeno od sorte gro\u017e\u0111a chardonnay, profinjenog je okusa, slamnato \u017eute boje, karakteristi\u010dnih vo\u0107nih mirisa i okusa. Poslu\u017eujemo ga uz najbolja jela od bijelog mesa i morskih plodova na temperaturi od 12\u00b0C.<\/p>\n","protected":false},"featured_media":1497,"template":"","meta":[],"product_cat":[50],"product_tag":[],"_links":{"self":[{"href":"http:\/\/www.vina-prodan.hr\/shop\/wp-json\/wp\/v2\/product\/1496"}],"collection":[{"href":"http:\/\/www.vina-prodan.hr\/shop\/wp-json\/wp\/v2\/product"}],"about":[{"href":"http:\/\/www.vina-prodan.hr\/shop\/wp-json\/wp\/v2\/types\/product"}],"wp:featuredmedia":[{"embeddable":true,"href":"http:\/\/www.vina-prodan.hr\/shop\/wp-json\/wp\/v2\/media\/1497"}],"wp:attachment":[{"href":"http:\/\/www.vina-prodan.hr\/shop\/wp-json\/wp\/v2\/media?parent=1496"}],"wp:term":[{"taxonomy":"product_cat","embeddable":true,"href":"http:\/\/www.vina-prodan.hr\/shop\/wp-json\/wp\/v2\/product_cat?post=1496"},{"taxonomy":"product_tag","embeddable":true,"href":"http:\/\/www.vina-prodan.hr\/shop\/wp-json\/wp\/v2\/product_tag?post=1496"}],"curies":[{"name":"wp","href":"https:\/\/api.w.org\/{rel}","templated":true}]}}