{"id":1489,"date":"2020-05-08T08:37:17","date_gmt":"2020-05-08T06:37:17","guid":{"rendered":"http:\/\/www.vina-prodan.hr\/shop\/?post_type=product&#038;p=1489"},"modified":"2024-03-28T14:00:55","modified_gmt":"2024-03-28T13:00:55","slug":"malvazija-075-l-navojni-cep","status":"publish","type":"product","link":"http:\/\/www.vina-prodan.hr\/shop\/product\/malvazija-075-l-navojni-cep\/","title":{"rendered":"Malvazija 0,75 l navojni \u010dep"},"content":{"rendered":"","protected":false},"excerpt":{"rendered":"<p>Vino je proizvedeno od sorte gro\u017e\u0111a malvazija istarska. \u017dutozelenkaste je boje, posebno izra\u017eene i prepoznatljive sortne arome, prijatnog skladnog i zaokru\u017eenog okusa. Servirati na temperaturi od 10-12\u00b0C uz jela od bijelog mesa i morsku ribu.<\/p>\n","protected":false},"featured_media":1490,"template":"","meta":[],"product_cat":[50],"product_tag":[],"_links":{"self":[{"href":"http:\/\/www.vina-prodan.hr\/shop\/wp-json\/wp\/v2\/product\/1489"}],"collection":[{"href":"http:\/\/www.vina-prodan.hr\/shop\/wp-json\/wp\/v2\/product"}],"about":[{"href":"http:\/\/www.vina-prodan.hr\/shop\/wp-json\/wp\/v2\/types\/product"}],"wp:featuredmedia":[{"embeddable":true,"href":"http:\/\/www.vina-prodan.hr\/shop\/wp-json\/wp\/v2\/media\/1490"}],"wp:attachment":[{"href":"http:\/\/www.vina-prodan.hr\/shop\/wp-json\/wp\/v2\/media?parent=1489"}],"wp:term":[{"taxonomy":"product_cat","embeddable":true,"href":"http:\/\/www.vina-prodan.hr\/shop\/wp-json\/wp\/v2\/product_cat?post=1489"},{"taxonomy":"product_tag","embeddable":true,"href":"http:\/\/www.vina-prodan.hr\/shop\/wp-json\/wp\/v2\/product_tag?post=1489"}],"curies":[{"name":"wp","href":"https:\/\/api.w.org\/{rel}","templated":true}]}}