{"id":1485,"date":"2020-05-08T08:33:54","date_gmt":"2020-05-08T06:33:54","guid":{"rendered":"http:\/\/www.vina-prodan.hr\/shop\/?post_type=product&#038;p=1485"},"modified":"2024-03-06T08:45:52","modified_gmt":"2024-03-06T07:45:52","slug":"muskat-zuti-075-l","status":"publish","type":"product","link":"http:\/\/www.vina-prodan.hr\/shop\/product\/muskat-zuti-075-l\/","title":{"rendered":"Mu\u0161kat \u017duti 0,75 l"},"content":{"rendered":"","protected":false},"excerpt":{"rendered":"<p>Dugogodi\u0161nja tradicija vinarstva i odabrano gro\u017e\u0111e darovali su nam poluslatko vino Mu\u0161kat \u017euti. Vino je zlatno\u017eute boje, prepoznatljive sortne arome, skladnog i harmoni\u010dnog okusa ugodnog nepcu. Serviramo ga na temperaturi od 12\u00b0C.<\/p>\n","protected":false},"featured_media":1488,"template":"","meta":[],"product_cat":[50],"product_tag":[],"_links":{"self":[{"href":"http:\/\/www.vina-prodan.hr\/shop\/wp-json\/wp\/v2\/product\/1485"}],"collection":[{"href":"http:\/\/www.vina-prodan.hr\/shop\/wp-json\/wp\/v2\/product"}],"about":[{"href":"http:\/\/www.vina-prodan.hr\/shop\/wp-json\/wp\/v2\/types\/product"}],"wp:featuredmedia":[{"embeddable":true,"href":"http:\/\/www.vina-prodan.hr\/shop\/wp-json\/wp\/v2\/media\/1488"}],"wp:attachment":[{"href":"http:\/\/www.vina-prodan.hr\/shop\/wp-json\/wp\/v2\/media?parent=1485"}],"wp:term":[{"taxonomy":"product_cat","embeddable":true,"href":"http:\/\/www.vina-prodan.hr\/shop\/wp-json\/wp\/v2\/product_cat?post=1485"},{"taxonomy":"product_tag","embeddable":true,"href":"http:\/\/www.vina-prodan.hr\/shop\/wp-json\/wp\/v2\/product_tag?post=1485"}],"curies":[{"name":"wp","href":"https:\/\/api.w.org\/{rel}","templated":true}]}}