{"id":1483,"date":"2020-05-04T19:23:19","date_gmt":"2020-05-04T17:23:19","guid":{"rendered":"http:\/\/www.vina-prodan.hr\/shop\/?post_type=product&#038;p=1483"},"modified":"2023-11-18T11:38:03","modified_gmt":"2023-11-18T10:38:03","slug":"teran-075-l","status":"publish","type":"product","link":"http:\/\/www.vina-prodan.hr\/shop\/product\/teran-075-l\/","title":{"rendered":"Teran 0,75 l"},"content":{"rendered":"","protected":false},"excerpt":{"rendered":"<p>Dugogodi\u0161nja tradicija vinarstva i odabrano gro\u017e\u0111e darovali su nam vino Teran. Vino je crvenorubinastog odsjaja prepoznatljive sortne arome, finog, skladnog i harmoni\u010dnog okusa. Odle\u017eano u drvenim ba\u010dvama. Serviramo ga na temperaturi od 16-18\u00b0C.<\/p>\n","protected":false},"featured_media":1661,"template":"","meta":[],"product_cat":[50],"product_tag":[],"_links":{"self":[{"href":"http:\/\/www.vina-prodan.hr\/shop\/wp-json\/wp\/v2\/product\/1483"}],"collection":[{"href":"http:\/\/www.vina-prodan.hr\/shop\/wp-json\/wp\/v2\/product"}],"about":[{"href":"http:\/\/www.vina-prodan.hr\/shop\/wp-json\/wp\/v2\/types\/product"}],"wp:featuredmedia":[{"embeddable":true,"href":"http:\/\/www.vina-prodan.hr\/shop\/wp-json\/wp\/v2\/media\/1661"}],"wp:attachment":[{"href":"http:\/\/www.vina-prodan.hr\/shop\/wp-json\/wp\/v2\/media?parent=1483"}],"wp:term":[{"taxonomy":"product_cat","embeddable":true,"href":"http:\/\/www.vina-prodan.hr\/shop\/wp-json\/wp\/v2\/product_cat?post=1483"},{"taxonomy":"product_tag","embeddable":true,"href":"http:\/\/www.vina-prodan.hr\/shop\/wp-json\/wp\/v2\/product_tag?post=1483"}],"curies":[{"name":"wp","href":"https:\/\/api.w.org\/{rel}","templated":true}]}}