{"id":1476,"date":"2020-05-04T10:10:20","date_gmt":"2020-05-04T08:10:20","guid":{"rendered":"http:\/\/www.vina-prodan.hr\/shop\/?post_type=product&#038;p=1476"},"modified":"2024-03-06T08:46:48","modified_gmt":"2024-03-06T07:46:48","slug":"rose-cabernet-sauvignon-075-l","status":"publish","type":"product","link":"http:\/\/www.vina-prodan.hr\/shop\/product\/rose-cabernet-sauvignon-075-l\/","title":{"rendered":"Rose (Cabernet sauvignon) 0,75 l"},"content":{"rendered":"","protected":false},"excerpt":{"rendered":"<p>Dugogodi\u0161nja tradicija vinarstva i odabrano gro\u017e\u0111e darovali su nam vino Rose Cabernet Sauvignon. Vino je crvenorubinastog odsjaja prepoznatljive arome, ukusnog, skladnog i harmoni\u010dnog okusa. Serviramo ga na temperaturi od 10 do 12\u00b0C.<\/p>\n","protected":false},"featured_media":1481,"template":"","meta":[],"product_cat":[50],"product_tag":[],"_links":{"self":[{"href":"http:\/\/www.vina-prodan.hr\/shop\/wp-json\/wp\/v2\/product\/1476"}],"collection":[{"href":"http:\/\/www.vina-prodan.hr\/shop\/wp-json\/wp\/v2\/product"}],"about":[{"href":"http:\/\/www.vina-prodan.hr\/shop\/wp-json\/wp\/v2\/types\/product"}],"wp:featuredmedia":[{"embeddable":true,"href":"http:\/\/www.vina-prodan.hr\/shop\/wp-json\/wp\/v2\/media\/1481"}],"wp:attachment":[{"href":"http:\/\/www.vina-prodan.hr\/shop\/wp-json\/wp\/v2\/media?parent=1476"}],"wp:term":[{"taxonomy":"product_cat","embeddable":true,"href":"http:\/\/www.vina-prodan.hr\/shop\/wp-json\/wp\/v2\/product_cat?post=1476"},{"taxonomy":"product_tag","embeddable":true,"href":"http:\/\/www.vina-prodan.hr\/shop\/wp-json\/wp\/v2\/product_tag?post=1476"}],"curies":[{"name":"wp","href":"https:\/\/api.w.org\/{rel}","templated":true}]}}