{"id":1453,"date":"2020-05-03T20:36:53","date_gmt":"2020-05-03T18:36:53","guid":{"rendered":"http:\/\/www.vina-prodan.hr\/shop\/?page_id=1453"},"modified":"2020-05-03T20:36:53","modified_gmt":"2020-05-03T18:36:53","slug":"opci-uvjeti","status":"publish","type":"page","link":"http:\/\/www.vina-prodan.hr\/shop\/opci-uvjeti\/","title":{"rendered":"Op\u0107i uvjeti"},"content":{"rendered":"\n<p>1. OP\u0106E ODREDBE<br>Internetska stranica www.vina-prodan.hr je u vlasni\u0161tvu P.T.O. PRODAN.\u00a0 \u00a0 \u00a0 P.T.O. PRODAN omogu\u0107uje kori\u0161tenje usluga i sadr\u017eaja internetske stranice www.vina-prodan.hr koje je regulirano ovim Uvjetima kori\u0161tenja.<br>Uvjeti kori\u0161tenja propisuju uvjete i pravila za krajnje korisnike i odnose se na kori\u0161tenje internetske stranice vina-prodan.hr. Kori\u0161tenjem internetske stranice, krajnji korisnici iskazuju da se sla\u017eu s Op\u0107im uvjetima poslovanja i kori\u0161tenja te pristaju na kori\u0161tenje internetske stranice vina-prodan.hr u skladu s njima.<br>Pristup na internetske stranice www.vina-prodan.hr ponekad mo\u017ee biti nedostupan zbog radova, odr\u017eavanja ili uvo\u0111enja novih sadr\u017eaja te u slu\u010dajevima nepredvi\u0111enih okolnosti koje su izvan kontrole tvrtke P.T.O. PRODAN koje \u0107emo nastojati otkloniti u najkra\u0107em mogu\u0107em roku.<br>Korisnik mo\u017ee svoje upite i komentare poslati pisanim putem, po\u0161tom ili e-mailom, a P.T.O. PRODAN \u0107e poslati pisani odgovor po\u0161tom ili e-mailom u zakonskom roku.<br>2. OSNOVNI POJMOVI<br>U smislu ovih uvjeta prodaje, kupac je fizi\u010dka ili pravna osoba koja naru\u010di barem jedan proizvod, popuni tra\u017eene podatke i plati naru\u010deni proizvod posredstvom web stranice vina-prodan.hr<br>Ukoliko su u podacima o kupcu upisani podaci o pravnoj osobi, tada se kupcem smatra pravna osoba, a fizi\u010dka osoba \u010diji su podaci uneseni smatra se ovla\u0161tenom osobom kupca.<br>3. OSOBNI PODACI I POSLOVNA SPOSOBNOST<br>Za posjet stranicama i valjanu narud\u017ebu proizvoda osoba mora biti starija od 18 godina.<br>Kupac snosi odgovornost za to\u010dnost i potpunost unesenih podataka prilikom registracije. \u00a0 \u00a0 P.T.O. PRODAN zadr\u017eava pravo na izmjenu ovih uvjeta prodaje te iste mo\u017ee promijeniti bez prethodne najave.<br>4. CIJENA<br>P.T.O. PRODAN se obvezuje jasno, vidljivo i \u010ditljivo istaknuti iznos maloprodajne cijene sukladno \u010dlanku 7. Zakona o za\u0161titi potro\u0161a\u010da (NN 41\/14).<br>P.T.O. PRODAN \u0107e, sukladno svojoj odluci, stavljati odre\u0111ene proizvode na akcijsku prodaju po cijeni koja je ni\u017ea od cijene tih proizvoda u redovnoj prodaji, te se isto obvezuje jasno vidljivo i \u010ditljivo ozna\u010diti i navesti duljinu trajanja akcijske prodaje.<br>Nakon isteka roka akcijske prodaje, P.T.O. PRODAN ne\u0107e primati narud\u017ebe po uvjetima koji se odnose na akcijsku prodaju kojoj je istekao rok.<br>5. PODACI O PROIZVODIMA I RASPOLO\u017dIVOST PROIZVODA<br>Podaci o proizvodima na www.vina-prodan.hr sa\u010dinjeni su temeljem interne baze podataka.<br>Fotografije proizvoda su ilustrativne prirode te ne moraju uvijek i u svim detaljima odgovarati proizvodima koji su predmet narud\u017ebe. P.T.O. PRODAN posebno isti\u010de da vizualni identitet proizvoda prikazan na fotografiji ne mora odgovarati izgledu proizvoda u stvarnosti, pogotovo obzirom na postavke monitora na ra\u010dunalu kupca, razlike u percepciji boja kako ih kupac vidi na zaslonu i sl.<br>U slu\u010daju gore navedenog nesklada izme\u0111u proizvoda prikazanog na fotografiji i isporu\u010denog proizvoda ne radi se o nedostatku proizvoda.<\/p>\n\n\n\n<p>Izjava o privatnosti i sigurnosti podataka<br>P.T.O. PRODAN se obvezuje da ne\u0107e zloupotrebljavati osobne podatke iz obrasca narud\u017ebe.<br>Osobnim podacima smatraju se svi podaci kojima se utvr\u0111uje identitet kupca (primjerice ime i prezime, e-mail adresa, adresa stanovanja i sl.).<br>P.T.O. PRODAN ne\u0107e dostavljati niti razotkriti osobne podatke kupca tre\u0107oj osobi, osim u slu\u010dajevima u kojima tako izri\u010dito propisuje zakon te u slu\u010dajevima kada je to potrebno za ispunjenje obveza.<br>Svi podaci o kupcima se strogo \u010duvaju i dostupni su samo djelatnicima kojima su ti podaci nu\u017eni za obavljanje posla. Svi djelatnici P.T.O. PRODAN i poslovni partneri odgovorni su za po\u0161tivanje na\u010dela za\u0161tite privatnosti.<br>P.T.O. PRODAN se obavezuje pru\u017eati za\u0161titu osobnim podacima kupaca na na\u010din da prikuplja samo osnovne podatke o kupcima koji su nu\u017eni za ispunjenje obveza.<br>Podatke koji se pristupom na internet stranicu automatski bilje\u017ee, a nisu osobni podaci (vrste pretra\u017eiva\u010da, broj posjeta, vrijeme provedeno na stranicama i sl.) P.T.O. PRODAN ima pravo koristiti isklju\u010divo radi ocjene posje\u0107enosti internet stranice i radi pobolj\u0161anja njenog sadr\u017eaja i funkcionalnosti.<br>Gore navedene odredbe o za\u0161titi osobnih podataka odnose se isklju\u010divo na po\u010detnu web stranicu web shop-a vina-prodan.hr te na sve stranice unutar vina-prodan.hr domene, a ne na vanjske stranice na koje upu\u0107uju linkovi na vina-prodan.hr&nbsp; domeni, za koje stranice vina-prodan.hr nije nadle\u017ean niti odgovoran te za koje stranice vina-prodan.hr ne prikuplja i ne obra\u0111uje podatke korisnika.<br>Osim u slu\u010daju elektronske narud\u017ebe, u drugim slu\u010dajevima P.T.O. PRODAN ne\u0107e kupcu slati elektronske poruke ukoliko na to kupac nije izri\u010dito pristao.<\/p>\n","protected":false},"excerpt":{"rendered":"<p>1. OP\u0106E ODREDBEInternetska stranica www.vina-prodan.hr je u vlasni\u0161tvu P.T.O. PRODAN.\u00a0 \u00a0 \u00a0 P.T.O. PRODAN omogu\u0107uje kori\u0161tenje usluga i sadr\u017eaja internetske stranice www.vina-prodan.hr koje je regulirano ovim Uvjetima kori\u0161tenja.Uvjeti kori\u0161tenja propisuju uvjete i pravila za krajnje korisnike i odnose se na kori\u0161tenje internetske stranice vina-prodan.hr. Kori\u0161tenjem internetske stranice, krajnji korisnici iskazuju da se sla\u017eu s Op\u0107im uvjetima poslovanja i kori\u0161tenja te&hellip;<\/p>\n","protected":false},"author":1,"featured_media":0,"parent":0,"menu_order":0,"comment_status":"closed","ping_status":"closed","template":"","meta":[],"_links":{"self":[{"href":"http:\/\/www.vina-prodan.hr\/shop\/wp-json\/wp\/v2\/pages\/1453"}],"collection":[{"href":"http:\/\/www.vina-prodan.hr\/shop\/wp-json\/wp\/v2\/pages"}],"about":[{"href":"http:\/\/www.vina-prodan.hr\/shop\/wp-json\/wp\/v2\/types\/page"}],"author":[{"embeddable":true,"href":"http:\/\/www.vina-prodan.hr\/shop\/wp-json\/wp\/v2\/users\/1"}],"replies":[{"embeddable":true,"href":"http:\/\/www.vina-prodan.hr\/shop\/wp-json\/wp\/v2\/comments?post=1453"}],"version-history":[{"count":1,"href":"http:\/\/www.vina-prodan.hr\/shop\/wp-json\/wp\/v2\/pages\/1453\/revisions"}],"predecessor-version":[{"id":1454,"href":"http:\/\/www.vina-prodan.hr\/shop\/wp-json\/wp\/v2\/pages\/1453\/revisions\/1454"}],"wp:attachment":[{"href":"http:\/\/www.vina-prodan.hr\/shop\/wp-json\/wp\/v2\/media?parent=1453"}],"curies":[{"name":"wp","href":"https:\/\/api.w.org\/{rel}","templated":true}]}}