{"id":1449,"date":"2020-05-03T20:35:30","date_gmt":"2020-05-03T18:35:30","guid":{"rendered":"http:\/\/www.vina-prodan.hr\/shop\/?page_id=1449"},"modified":"2020-05-03T20:35:30","modified_gmt":"2020-05-03T18:35:30","slug":"reklamacije-i-prigovori","status":"publish","type":"page","link":"http:\/\/www.vina-prodan.hr\/shop\/reklamacije-i-prigovori\/","title":{"rendered":"Reklamacije i prigovori"},"content":{"rendered":"\n<p>Reklamacije i prigovori<br>U slu\u010daju reklamacije, o\u0161te\u0107enja prilikom dostave, pogre\u0161ke kod prijenosa podataka ili nekog drugog nedostatka, molimo vas da nam se javite u roku od dva radna dana od primitka po\u0161iljke. Kupac je du\u017ean uputiti reklamaciju i to e-mailom na vina.prodan@gmail.com, telefonski na broj 098\/755-862, pismeno u zakonskom roku od 14 dana.<\/p>\n\n\n\n<p>Pravo na reklamacije korisnik stje\u010de ako:<br>\u2022 roba nije isporu\u010dena po uputama iz narud\u017ebe<br>\u2022 isporu\u010dena roba ne odgovara standardima<br>\u2022 je do\u0161lo do o\u0161te\u0107enja prilikom isporuke<\/p>\n\n\n\n<p>Pri primitku robe provjera ispravnosti narud\u017ebe ovisi o kupcu, te je kupac du\u017ean da usporedi primljene artikle s ra\u010dunom, ukoliko ne\u0161to nedostaje, to je odmah nu\u017eno napomenuti jer naknadne reklamacije se ne\u0107e uva\u017eavati.<br>Sve navedene pritu\u017ebe rije\u0161it \u0107emo u dogovoru s naru\u010diteljem, odnosno primateljem robe.<\/p>\n","protected":false},"excerpt":{"rendered":"<p>Reklamacije i prigovoriU slu\u010daju reklamacije, o\u0161te\u0107enja prilikom dostave, pogre\u0161ke kod prijenosa podataka ili nekog drugog nedostatka, molimo vas da nam se javite u roku od dva radna dana od primitka po\u0161iljke. Kupac je du\u017ean uputiti reklamaciju i to e-mailom na vina.prodan@gmail.com, telefonski na broj 098\/755-862, pismeno u zakonskom roku od 14 dana. Pravo na reklamacije korisnik stje\u010de ako:\u2022 roba nije&hellip;<\/p>\n","protected":false},"author":1,"featured_media":0,"parent":0,"menu_order":0,"comment_status":"closed","ping_status":"closed","template":"","meta":[],"_links":{"self":[{"href":"http:\/\/www.vina-prodan.hr\/shop\/wp-json\/wp\/v2\/pages\/1449"}],"collection":[{"href":"http:\/\/www.vina-prodan.hr\/shop\/wp-json\/wp\/v2\/pages"}],"about":[{"href":"http:\/\/www.vina-prodan.hr\/shop\/wp-json\/wp\/v2\/types\/page"}],"author":[{"embeddable":true,"href":"http:\/\/www.vina-prodan.hr\/shop\/wp-json\/wp\/v2\/users\/1"}],"replies":[{"embeddable":true,"href":"http:\/\/www.vina-prodan.hr\/shop\/wp-json\/wp\/v2\/comments?post=1449"}],"version-history":[{"count":1,"href":"http:\/\/www.vina-prodan.hr\/shop\/wp-json\/wp\/v2\/pages\/1449\/revisions"}],"predecessor-version":[{"id":1450,"href":"http:\/\/www.vina-prodan.hr\/shop\/wp-json\/wp\/v2\/pages\/1449\/revisions\/1450"}],"wp:attachment":[{"href":"http:\/\/www.vina-prodan.hr\/shop\/wp-json\/wp\/v2\/media?parent=1449"}],"curies":[{"name":"wp","href":"https:\/\/api.w.org\/{rel}","templated":true}]}}