{"id":1447,"date":"2020-05-03T20:34:52","date_gmt":"2020-05-03T18:34:52","guid":{"rendered":"http:\/\/www.vina-prodan.hr\/shop\/?page_id=1447"},"modified":"2020-05-12T16:05:59","modified_gmt":"2020-05-12T14:05:59","slug":"korisnicka-podrska","status":"publish","type":"page","link":"http:\/\/www.vina-prodan.hr\/shop\/korisnicka-podrska\/","title":{"rendered":"Korisni\u010dka podr\u0161ka"},"content":{"rendered":"\n<p>Kontakti i podr\u0161ka<br>Za sve komentare, upite ili reklamacije obratite nam se s povjerenjem, odgovorit \u0107emo Vam u najkra\u0107em roku.<\/p>\n\n\n\n<p>Telefon:<br>098\/755-862 od ponedjeljka do petka izme\u0111u 08:00 i 16:00 sati<br>E-mail: vina.prodan@gmail.com<br>Adresa:<br>P.T.O. PRODAN<br>Korlevi\u0107i 3<br>52463 Vi\u0161njan<\/p>\n","protected":false},"excerpt":{"rendered":"<p>Kontakti i podr\u0161kaZa sve komentare, upite ili reklamacije obratite nam se s povjerenjem, odgovorit \u0107emo Vam u najkra\u0107em roku. Telefon:098\/755-862 od ponedjeljka do petka izme\u0111u 08:00 i 16:00 satiE-mail: vina.prodan@gmail.comAdresa:P.T.O. PRODANKorlevi\u0107i 352463 Vi\u0161njan<\/p>\n","protected":false},"author":1,"featured_media":0,"parent":0,"menu_order":0,"comment_status":"closed","ping_status":"closed","template":"","meta":[],"_links":{"self":[{"href":"http:\/\/www.vina-prodan.hr\/shop\/wp-json\/wp\/v2\/pages\/1447"}],"collection":[{"href":"http:\/\/www.vina-prodan.hr\/shop\/wp-json\/wp\/v2\/pages"}],"about":[{"href":"http:\/\/www.vina-prodan.hr\/shop\/wp-json\/wp\/v2\/types\/page"}],"author":[{"embeddable":true,"href":"http:\/\/www.vina-prodan.hr\/shop\/wp-json\/wp\/v2\/users\/1"}],"replies":[{"embeddable":true,"href":"http:\/\/www.vina-prodan.hr\/shop\/wp-json\/wp\/v2\/comments?post=1447"}],"version-history":[{"count":2,"href":"http:\/\/www.vina-prodan.hr\/shop\/wp-json\/wp\/v2\/pages\/1447\/revisions"}],"predecessor-version":[{"id":1644,"href":"http:\/\/www.vina-prodan.hr\/shop\/wp-json\/wp\/v2\/pages\/1447\/revisions\/1644"}],"wp:attachment":[{"href":"http:\/\/www.vina-prodan.hr\/shop\/wp-json\/wp\/v2\/media?parent=1447"}],"curies":[{"name":"wp","href":"https:\/\/api.w.org\/{rel}","templated":true}]}}