{"id":1444,"date":"2020-05-03T20:33:36","date_gmt":"2020-05-03T18:33:36","guid":{"rendered":"http:\/\/www.vina-prodan.hr\/shop\/?page_id=1444"},"modified":"2020-05-19T19:30:02","modified_gmt":"2020-05-19T17:30:02","slug":"povrat-i-raskid-ugovora","status":"publish","type":"page","link":"http:\/\/www.vina-prodan.hr\/shop\/povrat-i-raskid-ugovora\/","title":{"rendered":"Povrat i raskid ugovora"},"content":{"rendered":"\n<p>Ukoliko ste se predomislili, naru\u010denu robu mo\u017eete vratiti bez poja\u0161njenja&nbsp; prije nego \u0161to je poslana na dostavnu adresu. Ako ste naru\u010dili i primili robu na adresu, a ipak biste \u017eeljeli ne\u0161to drugo,u tom slu\u010daju ne mo\u017eete napraviti zamjenu. Reklamacija se radi za robu koja je dostavljena krivo ili nije potpuna zbog nekih nedostataka koje su nastale prije ili nakon pakiranja, ali ne od strane kupca.<\/p>\n\n\n\n<p>Jednostrani raskid ugovora o kupoprodaji<br>Jednostrani raskid Ugovora mogu\u0107 je u roku 14 dana od dana primitka po\u0161iljke.<br>Da bi ostvario pravo na jednostrani raskid, potro\u0161a\u010d mora trgovcu pisano dostaviti obavijest u kojoj navodi da raskida ugovor. Obavijest mora biti napisana na trajnom mediju, a mo\u017ee biti dostavljena kao pismo poslano po\u0161tom ili elektroni\u010dkom po\u0161tom.\u00a0Potrebno je ispuniti Obrazac za jednostrani raskid ugovora o kupoprodaji sklopljenog na daljinu kojeg mo\u017eete preuzeti na ovome\u00a0<a href=\"http:\/\/www.vina-prodan.hr\/shop\/wp-content\/uploads\/2020\/05\/VINA-prodan-raskid-ugovora.pdf\" target=\"_blank\" rel=\"noreferrer noopener\">linku<\/a>\u00a0u pdf formatu, a mo\u017eete ga ispunit elektronskim putem ili fizi\u010dki nakon printanja. Nakon \u0161to ispunite Obrazac za raskid ugovora, isti nam dostavite putem e-mail adrese vina.prodan@gmail.com ili po\u0161tom na adresu P.T.O. PRODAN,Korlevi\u0107i 3, 52463 Vi\u0161njan. Nakon toga kontaktirat \u0107emo vas i dogovoriti s Vama detalje povrata.<br>Uvjet raskida navedenog Ugovora je da kupljena roba nije kori\u0161tena \u2013 ukoliko je do kori\u0161tenja (umanjenja vrijednosti) do\u0161lo, dobavlja\u010d \u0107e po primitku vra\u0107ene robe u skladi\u0161tu izvr\u0161iti procjenu stanja robe prema vidljivim znakovima upotrebe i sukladno tome odrediti koji \u0107e postotak povrata novca kupcu biti ispla\u0107en. Povrat novca izvr\u0161avamo na\u010dinom na koji je uplata izvr\u0161ena, tj. uplatom na ra\u010dun ako je pla\u0107anje izvr\u0161eno pouze\u0107em, i to isklju\u010divo nakon primitka vra\u0107ene robe. Tro\u0161kove povrata proizvoda snosi kupac.<\/p>\n\n\n\n<p>Zabrana pla\u0107anja unaprijed<br>Tijekom roka za jednostrani raskid ugovora zabranjeno je zahtijevati od potro\u0161a\u010da bilo kakvo pla\u0107anje unaprijed. Zabrana se odnosi na bilo koju naknadu, uklju\u010duju\u0107i pla\u0107anje, davanje jamstava, rezervaciju novca na ra\u010dunima, izri\u010dito priznanje duga itd.<\/p>\n\n\n\n<p><strong>Povrat<\/strong><br>Savjetujemo da prije potpisivanja dostavnog lista ne preuzimate paket, ve\u0107 ga u prisustvu dostavlja\u010da otvorite i provjerite vanjski izgled naru\u010dene robe u paketu, a pogotovo ukoliko paket pokazuje vidna o\u0161te\u0107enja.Ako roba ima vidna o\u0161te\u0107enja,nedostatke ili se radi o robi koju niste naru\u010dili molimo da paket ne preuzimate &#8211; dostavlja\u010d \u0107e ga vratiti nama, a na\u0161a korisni\u010dka podr\u0161ka kontaktirat \u0107e vas kako biste dogovorili novu dostavu ispravne robe.<br>Ukoliko ste preuzeli naru\u010denu robu te naknadno utvrdili o\u0161te\u0107enja, nedostatke ili neispravnosti koji nisu nastali uslijed Va\u0161eg rukovanja, a prije ili netom nakon prve upotrebe proizvoda, potrebno je javiti nam se u roku od najvi\u0161e 8 dana od preuzimanja proizvoda.<br>Za povrat ili reklamaciju budite slobodni kontaktirati nas na telefon 098\/755-862&nbsp; ili e-mail: vina.prodan@gmail.com<br>P.T.O. PRODAN zadr\u017eava pravo nadoknade tro\u0161kova nastalih u procesu povrata koji nije opravdan, tj. kada je isporu\u010dena roba ona koja je i naru\u010dena te nema nikakva o\u0161te\u0107enja, nedostatke ili neispravnosti.<\/p>\n","protected":false},"excerpt":{"rendered":"<p>Ukoliko ste se predomislili, naru\u010denu robu mo\u017eete vratiti bez poja\u0161njenja&nbsp; prije nego \u0161to je poslana na dostavnu adresu. Ako ste naru\u010dili i primili robu na adresu, a ipak biste \u017eeljeli ne\u0161to drugo,u tom slu\u010daju ne mo\u017eete napraviti zamjenu. Reklamacija se radi za robu koja je dostavljena krivo ili nije potpuna zbog nekih nedostataka koje su nastale prije ili nakon pakiranja,&hellip;<\/p>\n","protected":false},"author":1,"featured_media":0,"parent":0,"menu_order":0,"comment_status":"closed","ping_status":"closed","template":"","meta":[],"_links":{"self":[{"href":"http:\/\/www.vina-prodan.hr\/shop\/wp-json\/wp\/v2\/pages\/1444"}],"collection":[{"href":"http:\/\/www.vina-prodan.hr\/shop\/wp-json\/wp\/v2\/pages"}],"about":[{"href":"http:\/\/www.vina-prodan.hr\/shop\/wp-json\/wp\/v2\/types\/page"}],"author":[{"embeddable":true,"href":"http:\/\/www.vina-prodan.hr\/shop\/wp-json\/wp\/v2\/users\/1"}],"replies":[{"embeddable":true,"href":"http:\/\/www.vina-prodan.hr\/shop\/wp-json\/wp\/v2\/comments?post=1444"}],"version-history":[{"count":4,"href":"http:\/\/www.vina-prodan.hr\/shop\/wp-json\/wp\/v2\/pages\/1444\/revisions"}],"predecessor-version":[{"id":1691,"href":"http:\/\/www.vina-prodan.hr\/shop\/wp-json\/wp\/v2\/pages\/1444\/revisions\/1691"}],"wp:attachment":[{"href":"http:\/\/www.vina-prodan.hr\/shop\/wp-json\/wp\/v2\/media?parent=1444"}],"curies":[{"name":"wp","href":"https:\/\/api.w.org\/{rel}","templated":true}]}}