{"id":1440,"date":"2020-05-03T20:23:47","date_gmt":"2020-05-03T18:23:47","guid":{"rendered":"http:\/\/www.vina-prodan.hr\/shop\/?page_id=1440"},"modified":"2020-05-03T20:38:13","modified_gmt":"2020-05-03T18:38:13","slug":"pravila-privatnosti","status":"publish","type":"page","link":"http:\/\/www.vina-prodan.hr\/shop\/pravila-privatnosti\/","title":{"rendered":"Pravila privatnosti"},"content":{"rendered":"\n<h2>Izjava o privatnosti<\/h2>\n\n\n\n<p>Ova izjava o povjerljivosti \u0107e Vam pru\u017eiti vi\u0161e informacija o podacima koje dobivamo putem na\u0161ih internetskih stranica i internetskih stranica koje za nas izra\u0111uju na\u0161i partneri, te&nbsp;kako ih dalje koristimo, odr\u017eavamo i \u0161titimo. Ova Izjava o povjerljivosti se odnosi na sve internet stranicu poljoprivredno trgova\u010dkog obrta PRODAN, www.vina-prodan.hr.<\/p>\n\n\n\n<p>U ovom tekstu, \u201cmi\u201d, \u201cnas\u201d, \u201cna\u0161e\u201d, \u201cnama\u201d, \u201cna\u0161ih\u201d, \u201cna\u0161i\u201d, \u201cnam\u201d, \u201cnas\u201d, \u201cna\u0161em\u201d, \u201cna\u0161oj\u201d, \u201cna\u0161a\u201d, \u201cna\u0161\u201d, \u201cna\u0161om\u201d se odnosi na P.T.O. PRODAN sa sjedi\u0161tem na adresi Korlevi\u0107i 3 &nbsp;\u201cVi\u201d, \u201cVas\u201d, \u201cVa\u0161e\u201d, \u201cVama\u201d, \u201cVa\u0161ih\u201d, \u201cVam\u201d, \u201cVa\u0161a\u201d, \u201cVa\u0161i\u201d, \u201cVa\u0161im\u201d, \u201cVa\u0161e\u201d se odnosi na krajnje korisnike na\u0161ih usluga, proizvoda i internetskih stranica, dok se termin \u201cservisi\u201d odnosi na bilo koju od na\u0161ih usluga, internetskih stranica, proizvoda, projekata ili doga\u0111aja koje organiziramo,&nbsp;te na sav sadr\u017eaj internetskih stranica koji je pod na\u0161om kontrolom.<\/p>\n\n\n\n<p>Upu\u0107ujemo Vas da pa\u017eljivo pro\u010ditate ovu Izjavu o povjerljivosti podataka. Pristupanjem ili uporabom na\u0161e internetske stranice, potvr\u0111ujete da ste pro\u010ditali, razumjeli i da se sla\u017eete sa svim uvjetima Izjave o povjerljivosti i na\u010dinima uporabe internetskih stranica.<\/p>\n\n\n\n<p>Ukoliko se ne sla\u017eete s ovom Izjavom o povjerljivosti, upu\u0107ujemo Vas da ne pristupate i ne koristite na\u0161e servise.<\/p>\n\n\n\n<p>Ovu Izjavu o povjerljivosti podataka mo\u017eemo izmijeniti u bilo kojem trenutku, objavljivanjem izmijenjenog teksta Izjave o povjerljivosti podataka na ovoj internetskoj stranici. Izmjene Izjave o povjerljivosti podataka stupaju na snagu odmah nakon objave na internetskoj stranici.<\/p>\n\n\n\n<p>Kao na\u0161 krajnji korisnik, sami ste odgovorni i du\u017eni periodi\u010dno pregledati ovu stranicu i prou\u010diti bilo kakve promjene u Izjavi o povjerljivosti podataka. Nastavite li s uporabom na\u0161ih Internetskih stranica nakon stupanja na snagu takvih izmjena, podrazumijeva se da potvr\u0111ujete i prihva\u0107ate sve uvjete tako izmijenjene Izjave o povjerljivosti podataka.<\/p>\n\n\n\n<p><strong>Podaci koje prikupljamo<\/strong><br>Prikupljamo podatke koje nam dostavljate, a odnose se (i nisu ograni\u010deni) na: ime, prezime, adresu, djelatnost, broj telefona, e-mail adresu. Podaci se prikupljaju prilikom kupnje u na\u0161em web shopu koji je sastavni dio na\u0161e web stranice.<\/p>\n\n\n\n<p>Direktno ostavljanje osobnih podataka je u potpunosti Va\u0161a odluka. Ukoliko odlu\u010dite ne pru\u017eiti obavezne informacije koje nam trebaju kako bismo Vam omogu\u0107ili pristup ili dostavili na\u0161e servise, na\u017ealost ne\u0107emo biti u mogu\u0107nosti pru\u017eiti tra\u017eenu uslugu.<\/p>\n\n\n\n<p>Kada je rije\u010d o pla\u0107anju pojedinih servisa putem na\u0161ih stranica, Va\u0161i podaci o pla\u0107anju (primjerice broj kreditne ili debitne kartice) nisu nam dostupni. Takvi podaci dostupni su samo na\u0161em partneru koji za nas odra\u0111uje ovakvu vrstu prodaje, a koji je specijaliziran za on-line transakcije.Kod takvih transakcija, mi prikupljamo samo podatke koje su nam potrebni za dostavu \u017eeljenog servisa.<\/p>\n\n\n\n<p><strong>\u010cemu nam slu\u017ee Va\u0161i podaci?<\/strong><br>Prvenstveno kako bismo Vam omogu\u0107ili kori\u0161tenje, sudjelovanje ili dostavu na\u0161ih servisa.<\/p>\n\n\n\n<p>Za\u0161titu Va\u0161ih osobnih podataka uzimamo vrlo ozbiljno i poduzimamo razne mjere opreza kako bismo za\u0161titili Va\u0161e podatke. Me\u0111utim, moramo Vas upozoriti kako niti jedan prijenos podataka putem Interneta nije 100% siguran, pa ne mo\u017eemo odgovarati za posljedice eventualnih sigurnosnih propusta.<\/p>\n\n\n\n<p><strong><em>Va\u0161e osobne podatke ne dijelimo s poslovnim partnerima.<\/em><\/strong><\/p>\n\n\n\n<p>Va\u0161i osobni podaci se \u010duvaju u sustavu koliko je god to potrebno, najmanje toliko dugo koliko ste korisnik na\u0161ih servisa.<\/p>\n\n\n\n<p><strong>Upotreba kola\u010di\u0107a (Cookies)<\/strong><\/p>\n\n\n\n<p>Na ovoj Internet stranici koristimo tzv. \u201ekola\u010di\u0107e\u201c. Kola\u010di\u0107i su male tekstualne datoteke pohranjene na Va\u0161em ure\u0111aju putem Va\u0161eg pretra\u017eiva\u010da. Kola\u010di\u0107i pohranjuju odre\u0111ene informacije (npr. jezik operacijskog sustava ili postavke stranice) i putem Va\u0161eg pretra\u017eiva\u010da prepoznaju Va\u0161e posjete Internet -stranicama (ovisno o trajanju kola\u010di\u0107a).<\/p>\n\n\n\n<p>Ova Internet stranica koristi dvije vrste kola\u010di\u0107a: (1) tehni\u010dki potrebne kola\u010di\u0107e, bez kojih bi funkcionalnost ove Internet stranice bila ograni\u010dene i (2) dodatne kola\u010di\u0107e:<\/p>\n\n\n\n<p><strong>Tehni\u010dki potrebni kola\u010di\u0107i<\/strong><\/p>\n\n\n\n<figure class=\"wp-block-table\"><table><tbody><tr><td><strong>Ime kola\u010di\u0107a<\/strong><\/td><td><strong>Vijek trajanja<\/strong><\/td><td><strong>Svrha i sadr\u017eaj<\/strong><\/td><\/tr><tr><td>PHPSESSID<\/td><td>1 sat<\/td><td>Identifikator PHP skladi\u0161ta podataka, kreira se prilikom kori\u0161tenja PHP-a ( session() method)<\/td><\/tr><tr><td>UniqueID<\/td><td>6 mjeseci<\/td><td>Anonimna identifikacija vremena trajanja posjete za statisti\u010dku analizu s ciljem optimizacije Internet stranice. Ne prikuplja osobne podatke.<\/td><\/tr><tr><td>WHGACE<\/td><td>1 dan<\/td><td>Kola\u010di\u0107 za balansiranje optere\u0107enja s ciljem ispravnog pona\u0161anja Internet stranice<\/td><\/tr><tr><td>WHGCOOKIECONSENT<\/td><td>6 mjeseci<\/td><td>Pam\u0107enje korisnikovog pristanka<\/td><\/tr><tr><td>Youtube<\/td><td>&nbsp;<\/td><td>Ugra\u0111ujemo video sadr\u017eaj s YouTube programa koriste\u0107i YouTube-ov na\u010din pobolj\u0161ane privatnosti. Ovaj na\u010din mo\u017ee pospremiti kola\u010di\u0107e na Va\u0161e ra\u010dunalo nakon \u0161to kliknete na YouTube video player, ali YouTube ne\u0107e pohraniti kola\u010di\u0107e osobne identifikacije za pokretanje ugra\u0111enih videa koriste\u0107i metodu pobolj\u0161ane privatnosti<\/td><\/tr><\/tbody><\/table><\/figure>\n\n\n\n<p><strong><br><\/strong><strong>Osobe mla\u0111e od 18 godina<\/strong><br>Na\u0161i servisi nisu namijenjeni za kori\u0161tenje osobama mla\u0111im od 18 godina. Svjesno ne prikupljamo i ne zadr\u017eavamo informacije osoba mla\u0111ih od 18 godina. Sadr\u017eaj na\u0161ih stranica nije dizajniran da privu\u010de takvu publiku, niti je njoj namijenjen. Ukoliko posjedujete informacije da je osoba mla\u0111a od 18 godina ostavila osobne podatke na na\u0161oj stranici bez pristanka roditelja, molimo Vas da nas o tome \u010dim prije obavijestite putem<\/p>\n\n\n\n<p><a href=\"mailto:darna@pu.t-com.hr\">vina.prodan@gmail.com<\/a><\/p>\n\n\n\n<p><strong>Kontakt<\/strong><br>Ukoliko ne razumijete bilo koji dio izjave povjerljivosti, slobodno nas mo\u017eete kontaktirati na e-mail&nbsp;<a href=\"mailto:darna@pu.t-com.hr\">vina.prodan@gmail.com<\/a><\/p>\n","protected":false},"excerpt":{"rendered":"<p>Izjava o privatnosti Ova izjava o povjerljivosti \u0107e Vam pru\u017eiti vi\u0161e informacija o podacima koje dobivamo putem na\u0161ih internetskih stranica i internetskih stranica koje za nas izra\u0111uju na\u0161i partneri, te&nbsp;kako ih dalje koristimo, odr\u017eavamo i \u0161titimo. Ova Izjava o povjerljivosti se odnosi na sve internet stranicu poljoprivredno trgova\u010dkog obrta PRODAN, www.vina-prodan.hr. U ovom tekstu, \u201cmi\u201d, \u201cnas\u201d, \u201cna\u0161e\u201d, \u201cnama\u201d, \u201cna\u0161ih\u201d, \u201cna\u0161i\u201d,&hellip;<\/p>\n","protected":false},"author":1,"featured_media":0,"parent":0,"menu_order":0,"comment_status":"closed","ping_status":"closed","template":"","meta":[],"_links":{"self":[{"href":"http:\/\/www.vina-prodan.hr\/shop\/wp-json\/wp\/v2\/pages\/1440"}],"collection":[{"href":"http:\/\/www.vina-prodan.hr\/shop\/wp-json\/wp\/v2\/pages"}],"about":[{"href":"http:\/\/www.vina-prodan.hr\/shop\/wp-json\/wp\/v2\/types\/page"}],"author":[{"embeddable":true,"href":"http:\/\/www.vina-prodan.hr\/shop\/wp-json\/wp\/v2\/users\/1"}],"replies":[{"embeddable":true,"href":"http:\/\/www.vina-prodan.hr\/shop\/wp-json\/wp\/v2\/comments?post=1440"}],"version-history":[{"count":2,"href":"http:\/\/www.vina-prodan.hr\/shop\/wp-json\/wp\/v2\/pages\/1440\/revisions"}],"predecessor-version":[{"id":1458,"href":"http:\/\/www.vina-prodan.hr\/shop\/wp-json\/wp\/v2\/pages\/1440\/revisions\/1458"}],"wp:attachment":[{"href":"http:\/\/www.vina-prodan.hr\/shop\/wp-json\/wp\/v2\/media?parent=1440"}],"curies":[{"name":"wp","href":"https:\/\/api.w.org\/{rel}","templated":true}]}}